{"id":9,"date":"2014-11-21T10:01:42","date_gmt":"2014-11-21T09:01:42","guid":{"rendered":"http:\/\/www.laitpetitspieds.fr\/?page_id=9"},"modified":"2025-09-23T18:14:05","modified_gmt":"2025-09-23T17:14:05","slug":"qui-suis-je","status":"publish","type":"page","link":"https:\/\/www.laitpetitspieds.fr\/","title":{"rendered":"Accueil"},"content":{"rendered":"\n<p align=\"justify\"><span style=\"font-family: Segoe Print;\">Chaque activit\u00e9 est con\u00e7ue pour vous accompagner dans votre parcours de vie, avec douceur, \u00e9coute et professionnalisme.<\/span><\/p>\n<p style=\"text-align: center;\" align=\"justify\"><b><span style=\"font-size: 18.0pt; font-family: 'Segoe Print';\">Les prestations propos\u00e9es<\/span><\/b><\/p>\n\n\n\n<div class=\"wp-block-columns is-layout-flex wp-container-core-columns-is-layout-9d6595d7 wp-block-columns-is-layout-flex\">\n<div class=\"wp-block-column is-layout-flow wp-block-column-is-layout-flow\">\n<figure class=\"wp-block-image size-full\"><a href=\"http:\/\/www.laitpetitspieds.fr\/wp-content\/uploads\/2025\/07\/telechargement-haptotest-2-LPP.png\"><img loading=\"lazy\" decoding=\"async\" width=\"683\" height=\"489\" src=\"http:\/\/www.laitpetitspieds.fr\/wp-content\/uploads\/2025\/07\/telechargement-haptotest-2-LPP.png\" alt=\"\" class=\"wp-image-824\" srcset=\"https:\/\/www.laitpetitspieds.fr\/wp-content\/uploads\/2025\/07\/telechargement-haptotest-2-LPP.png 683w, https:\/\/www.laitpetitspieds.fr\/wp-content\/uploads\/2025\/07\/telechargement-haptotest-2-LPP-300x215.png 300w\" sizes=\"auto, (max-width: 683px) 100vw, 683px\" \/><\/a><figcaption class=\"wp-element-caption\"><strong><a href=\"https:\/\/www.laitpetitspieds.fr\/?cat=2\" target=\"_blank\" rel=\"noreferrer noopener\">HAPTONOMIE<\/a><\/strong><br>Une approche sensible et humaine pour renforcer le lien avec votre b\u00e9b\u00e9, <br>soulager les tensions et favoriser un <br>d\u00e9veloppement harmonieux.<br>(d\u00e8s 19-20SA)<\/figcaption><\/figure>\n\n\n\n<figure class=\"wp-block-image size-full\"><a href=\"http:\/\/www.laitpetitspieds.fr\/wp-content\/uploads\/2025\/07\/telechargement-psychoprat1.png\"><img loading=\"lazy\" decoding=\"async\" width=\"999\" height=\"715\" src=\"http:\/\/www.laitpetitspieds.fr\/wp-content\/uploads\/2025\/07\/telechargement-psychoprat1.png\" alt=\"\" class=\"wp-image-826\" srcset=\"https:\/\/www.laitpetitspieds.fr\/wp-content\/uploads\/2025\/07\/telechargement-psychoprat1.png 999w, https:\/\/www.laitpetitspieds.fr\/wp-content\/uploads\/2025\/07\/telechargement-psychoprat1-300x215.png 300w, https:\/\/www.laitpetitspieds.fr\/wp-content\/uploads\/2025\/07\/telechargement-psychoprat1-768x550.png 768w\" sizes=\"auto, (max-width: 999px) 100vw, 999px\" \/><\/a><figcaption class=\"wp-element-caption\"><strong><a href=\"https:\/\/www.laitpetitspieds.fr\/?cat=9\" target=\"_blank\" rel=\"noreferrer noopener\">EFT &#8211; MOUVEMENTS OCULAIRES &#8211; ACUPRESSION<\/a><\/strong><br>Des m\u00e9thodes efficaces pour g\u00e9rer le stress, les \u00e9motions difficiles, les <br>traumatismes et retrouver un \u00e9quilibre int\u00e9rieur.<\/figcaption><\/figure>\n<\/div>\n\n\n\n<div class=\"wp-block-column is-layout-flow wp-block-column-is-layout-flow\">\n<figure class=\"wp-block-image size-large\"><a href=\"http:\/\/www.laitpetitspieds.fr\/wp-content\/uploads\/2025\/07\/pexels-wendywei-3074935all-mat25-scaled.jpg\"><img loading=\"lazy\" decoding=\"async\" width=\"1024\" height=\"736\" src=\"http:\/\/www.laitpetitspieds.fr\/wp-content\/uploads\/2025\/07\/pexels-wendywei-3074935all-mat25-1024x736.jpg\" alt=\"\" class=\"wp-image-825\" srcset=\"https:\/\/www.laitpetitspieds.fr\/wp-content\/uploads\/2025\/07\/pexels-wendywei-3074935all-mat25-1024x736.jpg 1024w, https:\/\/www.laitpetitspieds.fr\/wp-content\/uploads\/2025\/07\/pexels-wendywei-3074935all-mat25-300x216.jpg 300w, https:\/\/www.laitpetitspieds.fr\/wp-content\/uploads\/2025\/07\/pexels-wendywei-3074935all-mat25-768x552.jpg 768w, https:\/\/www.laitpetitspieds.fr\/wp-content\/uploads\/2025\/07\/pexels-wendywei-3074935all-mat25-1536x1104.jpg 1536w, https:\/\/www.laitpetitspieds.fr\/wp-content\/uploads\/2025\/07\/pexels-wendywei-3074935all-mat25-2048x1472.jpg 2048w\" sizes=\"auto, (max-width: 1024px) 100vw, 1024px\" \/><\/a><figcaption class=\"wp-element-caption\"><strong><a href=\"https:\/\/www.laitpetitspieds.fr\/?cat=3\" target=\"_blank\" rel=\"noreferrer noopener\">ALLAITEMENT MATERNEL<\/a><\/strong><br>Un accompagnement personnalis\u00e9 pour faciliter l\u2019allaitement, r\u00e9pondre \u00e0 vos questions et vous soutenir dans cette \u00e9tape pr\u00e9cieuse. <br>(Formation en freins restrictifs buccaux)<\/figcaption><\/figure>\n\n\n\n<figure class=\"wp-block-image size-full\"><a href=\"http:\/\/www.laitpetitspieds.fr\/wp-content\/uploads\/2025\/07\/cop_Biorescontraste.png\"><img loading=\"lazy\" decoding=\"async\" width=\"726\" height=\"518\" src=\"http:\/\/www.laitpetitspieds.fr\/wp-content\/uploads\/2025\/07\/cop_Biorescontraste.png\" alt=\"\" class=\"wp-image-827\" srcset=\"https:\/\/www.laitpetitspieds.fr\/wp-content\/uploads\/2025\/07\/cop_Biorescontraste.png 726w, https:\/\/www.laitpetitspieds.fr\/wp-content\/uploads\/2025\/07\/cop_Biorescontraste-300x214.png 300w\" sizes=\"auto, (max-width: 726px) 100vw, 726px\" \/><\/a><figcaption class=\"wp-element-caption\"><strong><a href=\"https:\/\/www.laitpetitspieds.fr\/?cat=16\" target=\"_blank\" rel=\"noreferrer noopener\">BIOR\u00c9SONANCE QUANTIQUE<\/a><\/strong><br>Une m\u00e9thode innovante qui aide \u00e0 <br>restaurer l\u2019\u00e9quilibre naturel de votre corps, ce qui peut contribuer \u00e0 r\u00e9duire le stress, am\u00e9liorer la vitalit\u00e9 et la sant\u00e9 globale.<\/figcaption><\/figure>\n<\/div>\n<\/div>\n\n\n\n<p style=\"text-align: center;\"><span style=\"font-family: Segoe Print;\"><span style=\"font-size: large;\"><b><span style=\"font-size: 18.0pt; font-family: 'Segoe Print';\">Les ateliers propos\u00e9s<\/span><br><\/b><\/span><\/span><\/p>\n\n\n\n<div class=\"wp-block-columns is-layout-flex wp-container-core-columns-is-layout-9d6595d7 wp-block-columns-is-layout-flex\">\n<div class=\"wp-block-column is-layout-flow wp-block-column-is-layout-flow\">\n<figure class=\"wp-block-image size-full\"><a href=\"http:\/\/www.laitpetitspieds.fr\/wp-content\/uploads\/2025\/09\/Illust-atelier-PP.png\"><img loading=\"lazy\" decoding=\"async\" width=\"1023\" height=\"901\" src=\"http:\/\/www.laitpetitspieds.fr\/wp-content\/uploads\/2025\/09\/Illust-atelier-PP.png\" alt=\"\" class=\"wp-image-986\" srcset=\"https:\/\/www.laitpetitspieds.fr\/wp-content\/uploads\/2025\/09\/Illust-atelier-PP.png 1023w, https:\/\/www.laitpetitspieds.fr\/wp-content\/uploads\/2025\/09\/Illust-atelier-PP-300x264.png 300w, https:\/\/www.laitpetitspieds.fr\/wp-content\/uploads\/2025\/09\/Illust-atelier-PP-768x676.png 768w\" sizes=\"auto, (max-width: 1023px) 100vw, 1023px\" \/><\/a><figcaption class=\"wp-element-caption\"><strong><a href=\"https:\/\/www.laitpetitspieds.fr\/?cat=4\" target=\"_blank\" rel=\"noreferrer noopener\">POST-PARTUM<\/a><\/strong><br>Votre accouchement ne s&rsquo;est pas d\u00e9roul\u00e9 comme pr\u00e9vu&#8230;<\/figcaption><\/figure>\n<\/div>\n\n\n\n<div class=\"wp-block-column is-layout-flow wp-block-column-is-layout-flow\">\n<figure class=\"wp-block-image size-full\"><a href=\"http:\/\/www.laitpetitspieds.fr\/wp-content\/uploads\/2025\/09\/Illust-atelier-mssg.png\"><img loading=\"lazy\" decoding=\"async\" width=\"2043\" height=\"1797\" src=\"http:\/\/www.laitpetitspieds.fr\/wp-content\/uploads\/2025\/09\/Illust-atelier-mssg.png\" alt=\"\" class=\"wp-image-985\" srcset=\"https:\/\/www.laitpetitspieds.fr\/wp-content\/uploads\/2025\/09\/Illust-atelier-mssg.png 2043w, https:\/\/www.laitpetitspieds.fr\/wp-content\/uploads\/2025\/09\/Illust-atelier-mssg-300x264.png 300w, https:\/\/www.laitpetitspieds.fr\/wp-content\/uploads\/2025\/09\/Illust-atelier-mssg-1024x901.png 1024w, https:\/\/www.laitpetitspieds.fr\/wp-content\/uploads\/2025\/09\/Illust-atelier-mssg-768x676.png 768w, https:\/\/www.laitpetitspieds.fr\/wp-content\/uploads\/2025\/09\/Illust-atelier-mssg-1536x1351.png 1536w\" sizes=\"auto, (max-width: 2043px) 100vw, 2043px\" \/><\/a><figcaption class=\"wp-element-caption\"><strong><a href=\"https:\/\/www.laitpetitspieds.fr\/?cat=4\" target=\"_blank\" rel=\"noreferrer noopener\">MASSAGE DE B\u00c9B\u00c9<\/a><\/strong><br>De la naissance \u00e0 4 mois<\/figcaption><\/figure>\n<\/div>\n\n\n\n<div class=\"wp-block-column is-layout-flow wp-block-column-is-layout-flow\">\n<figure class=\"wp-block-image size-full\"><a href=\"https:\/\/www.laitpetitspieds.fr\/wp-content\/uploads\/2025\/09\/Illust-atelier-allv2.png\"><img loading=\"lazy\" decoding=\"async\" width=\"1022\" height=\"890\" src=\"https:\/\/www.laitpetitspieds.fr\/wp-content\/uploads\/2025\/09\/Illust-atelier-allv2.png\" alt=\"\" class=\"wp-image-1020\" srcset=\"https:\/\/www.laitpetitspieds.fr\/wp-content\/uploads\/2025\/09\/Illust-atelier-allv2.png 1022w, https:\/\/www.laitpetitspieds.fr\/wp-content\/uploads\/2025\/09\/Illust-atelier-allv2-300x261.png 300w, https:\/\/www.laitpetitspieds.fr\/wp-content\/uploads\/2025\/09\/Illust-atelier-allv2-768x669.png 768w\" sizes=\"auto, (max-width: 1022px) 100vw, 1022px\" \/><\/a><figcaption class=\"wp-element-caption\"><strong><a href=\"https:\/\/www.laitpetitspieds.fr\/?cat=4\" target=\"_blank\" rel=\"noreferrer noopener\">ALLAITEMENT<\/a><\/strong><br>La mise en route<br>La reprise du travail<\/figcaption><\/figure>\n<\/div>\n<\/div>\n\n\n\n<p align=\"justify\"><span style=\"font-family: Segoe Print;\"><span style=\"font-size: medium;\"><b>N\u2019h\u00e9sitez pas \u00e0 explorer ces prestations et \u00e0 me contacter pour toute question ou pour prendre rendez-vous.<\/b><\/span><\/span><\/p>\n\n\n\n\n\n\n\n\n\n\n\n\n\n\n\n<div class=\"wp-block-group\"><div class=\"wp-block-group__inner-container is-layout-constrained wp-block-group-is-layout-constrained\">\n<div class=\"wp-block-columns is-layout-flex wp-container-core-columns-is-layout-9d6595d7 wp-block-columns-is-layout-flex\">\n<div class=\"wp-block-column is-vertically-aligned-stretch is-layout-flow wp-block-column-is-layout-flow\" style=\"flex-basis:100%\"><\/div>\n<\/div>\n\n\n\n<div class=\"wp-block-columns is-layout-flex wp-container-core-columns-is-layout-9d6595d7 wp-block-columns-is-layout-flex\">\n<div class=\"wp-block-column is-layout-flow wp-block-column-is-layout-flow\"><\/div>\n\n\n\n<div class=\"wp-block-column is-layout-flow wp-block-column-is-layout-flow\"><\/div>\n<\/div>\n<\/div><\/div>\n\n\n\n\n","protected":false},"excerpt":{"rendered":"<p>Chaque activit\u00e9 est con\u00e7ue pour vous accompagner dans votre parcours de vie, avec douceur, \u00e9coute et professionnalisme. Les prestations propos\u00e9es Les ateliers propos\u00e9s N\u2019h\u00e9sitez pas \u00e0 explorer ces prestations et \u00e0 me contacter pour toute question ou pour prendre rendez-vous.<\/p>\n","protected":false},"author":1,"featured_media":0,"parent":0,"menu_order":0,"comment_status":"closed","ping_status":"open","template":"","meta":{"footnotes":""},"class_list":["post-9","page","type-page","status-publish","hentry"],"_links":{"self":[{"href":"https:\/\/www.laitpetitspieds.fr\/index.php?rest_route=\/wp\/v2\/pages\/9","targetHints":{"allow":["GET"]}}],"collection":[{"href":"https:\/\/www.laitpetitspieds.fr\/index.php?rest_route=\/wp\/v2\/pages"}],"about":[{"href":"https:\/\/www.laitpetitspieds.fr\/index.php?rest_route=\/wp\/v2\/types\/page"}],"author":[{"embeddable":true,"href":"https:\/\/www.laitpetitspieds.fr\/index.php?rest_route=\/wp\/v2\/users\/1"}],"replies":[{"embeddable":true,"href":"https:\/\/www.laitpetitspieds.fr\/index.php?rest_route=%2Fwp%2Fv2%2Fcomments&post=9"}],"version-history":[{"count":54,"href":"https:\/\/www.laitpetitspieds.fr\/index.php?rest_route=\/wp\/v2\/pages\/9\/revisions"}],"predecessor-version":[{"id":1032,"href":"https:\/\/www.laitpetitspieds.fr\/index.php?rest_route=\/wp\/v2\/pages\/9\/revisions\/1032"}],"wp:attachment":[{"href":"https:\/\/www.laitpetitspieds.fr\/index.php?rest_route=%2Fwp%2Fv2%2Fmedia&parent=9"}],"curies":[{"name":"wp","href":"https:\/\/api.w.org\/{rel}","templated":true}]}}